{"id":3848,"date":"2020-04-08T20:30:12","date_gmt":"2020-04-08T19:30:12","guid":{"rendered":"https:\/\/www.zangkoorharmonia.nl\/?page_id=3848"},"modified":"2020-04-08T20:30:24","modified_gmt":"2020-04-08T19:30:24","slug":"persbericht-paasprogramma-harmonia-2020","status":"publish","type":"page","link":"https:\/\/www.zangkoorharmonia.nl\/?page_id=3848","title":{"rendered":"Persbericht: Paasprogramma Harmonia 2020"},"content":{"rendered":"<p><span style=\"color: #ff0000;\"><em>Dit bericht werd gepubliceerd in het parochieblad van maart 2020.<br \/>\nA.g.v. de Corona crisis is deze uitvoering helaas niet doorgegaan.<\/em><\/span><\/p>\n<div style=\"width: 139px\" class=\"wp-caption alignleft\"><img loading=\"lazy\" decoding=\"async\" src=\"\/\/www.zangkoorharmonia.nl\/wp-content\/uploads\/Fabienne-Crutzen.jpg\" width=\"129\" height=\"188\" \/><p class=\"wp-caption-text\">Fabienne Crutzen<\/p><\/div>\n<p>Op Paaszondag 12 april zal Zangkoor Harmonia de eucharistieviering van 11.00 uur opluisteren.<\/p>\n<p>Uitgevoerd wordt de Missa brevis in Bes van W.A. Mozart.<br \/>\nOp het programma staat verder nog: Locus Iste, In te Domine, Ave verum en als slotzang H\u00e4ndels Halleluja.<\/p>\n<p>Daarnaast heeft het koor de eer om door niemand minder dan de bekende Waalse organiste Fabienne Crutzen te worden begeleid.<br \/>\nFabienne Crutzen is als Professeur de Musique et de P\u00e9dagogie verbonden aan het Institut Sup\u00e9rieur de Musique et de P\u00e9gagogie. (IMEP) in Namen.<\/p>\n<p>Naast de begeleiding van Harmonia zal mevrouw Crutzen ook een aantal orgel soli voor haar rekening nemen:<br \/>\n&#8211; Voor de mis: Prelude et toccata sur &#8220;Victimae paschali laudes&#8221; van Denis Bedart<br \/>\n&#8211; Tijdens de communie: Le bon pasteur van Dom Paul Beno\u00eet<br \/>\n&#8211; Na de mis: Sortie pour le jour de P\u00e2ques &#8220;Ite missa est&#8221; van Adolphe Marty<\/p>\n<p>Het geheel staat onder de vertrouwde leiding van dirigent Jean Lardinois.<\/p>\n","protected":false},"excerpt":{"rendered":"<p>Dit bericht werd gepubliceerd in het parochieblad van maart 2020. A.g.v. de Corona crisis is deze uitvoering helaas niet doorgegaan. Op Paaszondag 12 april zal Zangkoor Harmonia de eucharistieviering van 11.00 uur opluisteren. Uitgevoerd wordt de Missa brevis in Bes &hellip; <a href=\"https:\/\/www.zangkoorharmonia.nl\/?page_id=3848\">Lees verder <span class=\"meta-nav\">&rarr;<\/span><\/a><\/p>\n","protected":false},"author":7,"featured_media":0,"parent":0,"menu_order":0,"comment_status":"closed","ping_status":"closed","template":"","meta":{"footnotes":""},"class_list":["post-3848","page","type-page","status-publish","hentry"],"_links":{"self":[{"href":"https:\/\/www.zangkoorharmonia.nl\/index.php?rest_route=\/wp\/v2\/pages\/3848","targetHints":{"allow":["GET"]}}],"collection":[{"href":"https:\/\/www.zangkoorharmonia.nl\/index.php?rest_route=\/wp\/v2\/pages"}],"about":[{"href":"https:\/\/www.zangkoorharmonia.nl\/index.php?rest_route=\/wp\/v2\/types\/page"}],"author":[{"embeddable":true,"href":"https:\/\/www.zangkoorharmonia.nl\/index.php?rest_route=\/wp\/v2\/users\/7"}],"replies":[{"embeddable":true,"href":"https:\/\/www.zangkoorharmonia.nl\/index.php?rest_route=%2Fwp%2Fv2%2Fcomments&post=3848"}],"version-history":[{"count":4,"href":"https:\/\/www.zangkoorharmonia.nl\/index.php?rest_route=\/wp\/v2\/pages\/3848\/revisions"}],"predecessor-version":[{"id":3853,"href":"https:\/\/www.zangkoorharmonia.nl\/index.php?rest_route=\/wp\/v2\/pages\/3848\/revisions\/3853"}],"wp:attachment":[{"href":"https:\/\/www.zangkoorharmonia.nl\/index.php?rest_route=%2Fwp%2Fv2%2Fmedia&parent=3848"}],"curies":[{"name":"wp","href":"https:\/\/api.w.org\/{rel}","templated":true}]}}