{"id":5201,"date":"2022-12-12T19:15:11","date_gmt":"2022-12-12T18:15:11","guid":{"rendered":"https:\/\/www.zangkoorharmonia.nl\/?page_id=5201"},"modified":"2023-01-09T19:34:08","modified_gmt":"2023-01-09T18:34:08","slug":"bijzondere-start-van-2023-met-top-musici-op-het-oksaal","status":"publish","type":"page","link":"https:\/\/www.zangkoorharmonia.nl\/?page_id=5201","title":{"rendered":"Persbericht: Bijzondere start van 2023 met top-musici op het oksaal."},"content":{"rendered":"\n<p><\/p>\n\n\n<p>Op zondag 8 januari kunt u zich verheugen op een bijzondere uitvoering.<br \/>Tijdens de Driekoningenmis van 11 uuur gaat Harmonia, onder leiding van<br \/>Jean Lardinois het nieuwe jaar feestelijk inluiden.<br \/>De opluistering wordt met de muzikale bijdrage van 2 trompettisten extra luister bijgezet. Samen met Paul Huijts als organist kunt u genieten van niemand minder dan<br \/>Ralph Henssen en Nando van Westrienen.<\/p>\n<p>Op het programma staan, naast de Pastoralmesse van L. Reimann, tevens enkele delen uit de Sonate in D voor twee trompetten en orgel van de Italiaanse componist Petronio Franceschini (1651 &#8211; 1680).<br \/>Harmonia heeft hard gerepeteerd aan Joy to the World, Tui sunt coeli en het slotkoraal van het Weihnachtsoratorium van J.S. Bach. Deze stukken worden samen met trompetten en orgel uitgevoerd. Een miniconcert dus tijdens de eerste grote mis van 2023.<\/p>\n<p>We stellen de musici aan u voor:<img loading=\"lazy\" decoding=\"async\" class=\"alignright\" src=\"\/\/www.zangkoorharmonia.nl\/wp-content\/uploads\/paulhuijts-n.jpg\" width=\"150\" height=\"203\" \/><\/p>\n<p>Organist en pianist <strong>Paul Huijts<\/strong>, gestudeerd musicus van het conservatorium in den Haag en Rotterdam en onder andere winnaar van het Concours International de l\u2018\u00c9cole Normale de Musique de Paris\u2019, behoeft voor velen waarschijnlijk geen introductie. Paul begeleidt Harmonia al de nodige jaren bij vele mooie uitvoeringen.<\/p>\n<p><img loading=\"lazy\" decoding=\"async\" class=\"alignleft\" src=\"\/\/www.zangkoorharmonia.nl\/wp-content\/uploads\/Nando-van-Westrienen.jpg\" width=\"200\" height=\"220\" \/>Trompettist <strong>Nando van Westrienen<\/strong> studeerde klassiek trompet aan het conservatorium te Maastricht bij Theo Wolters en aan de Hochschule te Essen (D) bij Prof. Uwe K\u00f6ller en Cyrille van Poucke. Daarnaast studeerde hij nog priv\u00e9 bij Tobias F\u00fcller en Andy Haderer.<br \/>Ook volgde hij masterclasses bij onder andere Hannes L\u00e4ubin, Will Sanders, Bobby Shew en Bart van Lier en heeft hij de masters-studie \u2018Lead-Trompet\u2019 bij Rob Bruynen (WDR Big Band) aan het Conservatorium te Maastricht afgerond. Nando is vaste trompettist van Guido\u2019s Orchestra.<\/p>\n<p><img loading=\"lazy\" decoding=\"async\" class=\"alignright\" src=\"\/\/www.zangkoorharmonia.nl\/wp-content\/uploads\/Ralph-Henssen-1.jpg\" width=\"200\" height=\"267\" \/>Trompettist <strong>Ralph Henssen<\/strong> studeerde, na zijn studie werktuigbouwkunde aan de T.U. Eindhoven, klassiek trompet bij Ad van Zon aan het Rotterdams Conservatorium en aan het Koninklijk Conservatorium in Den Haag en baroktrompet bij Susan Williams. Daarnaast studeerde hij kamermuziek bij de trompettist Theo Mertens aan het Koninklijk Vlaams Muziekconservatorium te Antwerpen.<br \/>Naast zijn werkzaamheden als freelance (barok-)trompettist was hij werkzaam als docent klein koper. In 2011 promoveerde hij aan de Universiteit Utrecht op een proefschrift getiteld \u201cTrompetters en Tamboers in de Zeeuwse Zeevaart ten tijde van de Republiek\u201d.<\/p>\n<div style=\"width: 785px\" class=\"wp-caption alignleft\"><img loading=\"lazy\" decoding=\"async\" src=\"\/\/www.zangkoorharmonia.nl\/wp-content\/uploads\/repetitie-met-Jean-Lardinois.jpg\" alt=\"N. Coenen\" width=\"775\" height=\"538\" \/><p class=\"wp-caption-text\">Repetitie onder leiding van dirigent <strong>Jean Lardinois<\/strong>.<\/p><\/div>","protected":false},"excerpt":{"rendered":"<p>Op zondag 8 januari kunt u zich verheugen op een bijzondere uitvoering.Tijdens de Driekoningenmis van 11 uuur gaat Harmonia, onder leiding vanJean Lardinois het nieuwe jaar feestelijk inluiden.De opluistering wordt met de muzikale bijdrage van 2 trompettisten extra luister bijgezet. &hellip; <a href=\"https:\/\/www.zangkoorharmonia.nl\/?page_id=5201\">Lees verder <span class=\"meta-nav\">&rarr;<\/span><\/a><\/p>\n","protected":false},"author":7,"featured_media":0,"parent":0,"menu_order":0,"comment_status":"closed","ping_status":"closed","template":"","meta":{"footnotes":""},"class_list":["post-5201","page","type-page","status-publish","hentry"],"_links":{"self":[{"href":"https:\/\/www.zangkoorharmonia.nl\/index.php?rest_route=\/wp\/v2\/pages\/5201","targetHints":{"allow":["GET"]}}],"collection":[{"href":"https:\/\/www.zangkoorharmonia.nl\/index.php?rest_route=\/wp\/v2\/pages"}],"about":[{"href":"https:\/\/www.zangkoorharmonia.nl\/index.php?rest_route=\/wp\/v2\/types\/page"}],"author":[{"embeddable":true,"href":"https:\/\/www.zangkoorharmonia.nl\/index.php?rest_route=\/wp\/v2\/users\/7"}],"replies":[{"embeddable":true,"href":"https:\/\/www.zangkoorharmonia.nl\/index.php?rest_route=%2Fwp%2Fv2%2Fcomments&post=5201"}],"version-history":[{"count":22,"href":"https:\/\/www.zangkoorharmonia.nl\/index.php?rest_route=\/wp\/v2\/pages\/5201\/revisions"}],"predecessor-version":[{"id":5253,"href":"https:\/\/www.zangkoorharmonia.nl\/index.php?rest_route=\/wp\/v2\/pages\/5201\/revisions\/5253"}],"wp:attachment":[{"href":"https:\/\/www.zangkoorharmonia.nl\/index.php?rest_route=%2Fwp%2Fv2%2Fmedia&parent=5201"}],"curies":[{"name":"wp","href":"https:\/\/api.w.org\/{rel}","templated":true}]}}