{"id":6128,"date":"2024-10-18T18:42:43","date_gmt":"2024-10-18T17:42:43","guid":{"rendered":"https:\/\/www.zangkoorharmonia.nl\/?page_id=6128"},"modified":"2024-10-18T18:42:43","modified_gmt":"2024-10-18T17:42:43","slug":"programma-allerzielen-2024","status":"publish","type":"page","link":"https:\/\/www.zangkoorharmonia.nl\/?page_id=6128","title":{"rendered":"Programma Allerzielen 2024"},"content":{"rendered":"<p>Dirigent: <strong>Jean Lardinois<\/strong><br \/>\nOrganist: <strong>Stella Bonten<\/strong><\/p>\n<p style=\"text-align: right;\"><strong>Vrijdag 1 november 2024, 15:00 uur<\/strong><\/p>\n<p style=\"text-align: left;\"><strong>Programma: Heren<\/strong><\/p>\n<table>\n<tbody>\n<tr>\n<td><span style=\"font-size: 10pt;\">Opening:<\/span><\/td>\n<td><span style=\"font-size: 10pt;\">Requiem Aeternam<\/span><\/td>\n<td><span style=\"font-size: 10pt;\">gregoriaans<\/span><\/td>\n<\/tr>\n<tr>\n<td><span style=\"font-size: 10pt;\">Na openingswoord:<\/span><\/td>\n<td><span style=\"font-size: 10pt;\">Het lied van God die v\u00f3\u00f3r ons is<\/span><\/td>\n<td><span style=\"font-size: 10pt;\"><span style=\"font-size: small;\">GVL 444<\/span><\/span><\/td>\n<\/tr>\n<tr>\n<td><span style=\"font-size: 10pt;\">Tijdens collecte:<\/span><\/td>\n<td><span style=\"font-size: 10pt;\">Graduale &#8220;Absolve&#8221;<\/span><\/td>\n<td><\/td>\n<\/tr>\n<tr>\n<td><span style=\"font-size: 10pt;\">Na aansteken kaarsjes:<\/span><\/td>\n<td><span style=\"font-size: 10pt;\">Begr\u00e4bnis im Walde (Ruhe sanft Requiem)<\/span><\/td>\n<td><span style=\"font-size: 10pt;\">Dvorak, A<\/span><\/td>\n<\/tr>\n<tr>\n<td><span style=\"font-size: 10pt;\">Na de voorbeden:<\/span><\/td>\n<td><span style=\"font-size: 10pt;\">Pie Jesu<\/span><\/td>\n<td><span style=\"font-size: 10pt;\">Coumans, J.<\/span><\/td>\n<\/tr>\n<tr>\n<td><span style=\"font-size: 10pt;\">Na slotgebed:<\/span><\/td>\n<td><span style=\"font-size: 10pt;\">Blijf mij nabij<\/span><\/td>\n<td><span style=\"font-size: 10pt;\"><span style=\"font-size: small;\">GVL 581<\/span><\/span><\/td>\n<\/tr>\n<tr>\n<td><span style=\"font-size: 10pt;\">Na wegzending:<\/span><\/td>\n<td><span style=\"font-size: 10pt;\">In Paradisum<\/span><\/td>\n<td><span style=\"font-size: 10pt;\"><span style=\"font-size: small;\">gregoriaans<\/span><\/span><\/td>\n<\/tr>\n<\/tbody>\n<\/table>\n","protected":false},"excerpt":{"rendered":"<p>Dirigent: Jean Lardinois Organist: Stella Bonten Vrijdag 1 november 2024, 15:00 uur Programma: Heren Opening: Requiem Aeternam gregoriaans Na openingswoord: Het lied van God die v\u00f3\u00f3r ons is GVL 444 Tijdens collecte: Graduale &#8220;Absolve&#8221; Na aansteken kaarsjes: Begr\u00e4bnis im Walde &hellip; <a href=\"https:\/\/www.zangkoorharmonia.nl\/?page_id=6128\">Lees verder <span class=\"meta-nav\">&rarr;<\/span><\/a><\/p>\n","protected":false},"author":7,"featured_media":0,"parent":0,"menu_order":0,"comment_status":"closed","ping_status":"closed","template":"","meta":{"footnotes":""},"class_list":["post-6128","page","type-page","status-publish","hentry"],"_links":{"self":[{"href":"https:\/\/www.zangkoorharmonia.nl\/index.php?rest_route=\/wp\/v2\/pages\/6128","targetHints":{"allow":["GET"]}}],"collection":[{"href":"https:\/\/www.zangkoorharmonia.nl\/index.php?rest_route=\/wp\/v2\/pages"}],"about":[{"href":"https:\/\/www.zangkoorharmonia.nl\/index.php?rest_route=\/wp\/v2\/types\/page"}],"author":[{"embeddable":true,"href":"https:\/\/www.zangkoorharmonia.nl\/index.php?rest_route=\/wp\/v2\/users\/7"}],"replies":[{"embeddable":true,"href":"https:\/\/www.zangkoorharmonia.nl\/index.php?rest_route=%2Fwp%2Fv2%2Fcomments&post=6128"}],"version-history":[{"count":1,"href":"https:\/\/www.zangkoorharmonia.nl\/index.php?rest_route=\/wp\/v2\/pages\/6128\/revisions"}],"predecessor-version":[{"id":6129,"href":"https:\/\/www.zangkoorharmonia.nl\/index.php?rest_route=\/wp\/v2\/pages\/6128\/revisions\/6129"}],"wp:attachment":[{"href":"https:\/\/www.zangkoorharmonia.nl\/index.php?rest_route=%2Fwp%2Fv2%2Fmedia&parent=6128"}],"curies":[{"name":"wp","href":"https:\/\/api.w.org\/{rel}","templated":true}]}}